{"id":4420,"date":"2023-10-24T11:34:12","date_gmt":"2023-10-24T09:34:12","guid":{"rendered":"https:\/\/odense-yoga.dk\/?page_id=4420"},"modified":"2025-12-20T21:40:05","modified_gmt":"2025-12-20T20:40:05","slug":"priser","status":"publish","type":"page","link":"https:\/\/odense-yoga.dk\/index.php\/priser\/","title":{"rendered":"Priser"},"content":{"rendered":"<p>[et_pb_section fb_built=&#8221;1&#8243; admin_label=&#8221;Header&#8221; _builder_version=&#8221;4.27.4&#8243; _module_preset=&#8221;default&#8221; background_color=&#8221;gcid-cc1e7daa-e7a2-44d1-a6d4-86221a549f5c&#8221; custom_margin=&#8221;||||false|false&#8221; custom_padding=&#8221;||||false|false&#8221; locked=&#8221;off&#8221; collapsed=&#8221;on&#8221; global_colors_info=&#8221;{%22gcid-cc1e7daa-e7a2-44d1-a6d4-86221a549f5c%22:%91%22background_color%22%93}&#8221;][et_pb_row _builder_version=&#8221;4.27.4&#8243; _module_preset=&#8221;default&#8221; custom_padding=&#8221;0px||0px|||&#8221; global_colors_info=&#8221;{}&#8221;][et_pb_column type=&#8221;4_4&#8243; _builder_version=&#8221;4.20.0&#8243; _module_preset=&#8221;default&#8221; global_colors_info=&#8221;{}&#8221;][et_pb_text _builder_version=&#8221;4.27.4&#8243; _module_preset=&#8221;c29a371d-deef-4612-af9b-1ed943cef974&#8243; header_text_color=&#8221;#FFFFFF&#8221; header_font_size=&#8221;42px&#8221; text_orientation=&#8221;center&#8221; custom_margin=&#8221;||0px||false|false&#8221; header_font_size_tablet=&#8221;30px&#8221; header_font_size_phone=&#8221;30px&#8221; header_font_size_last_edited=&#8221;on|tablet&#8221; global_colors_info=&#8221;{}&#8221;]<\/p>\n<h1>Priser<\/h1>\n<p>[\/et_pb_text][\/et_pb_column][\/et_pb_row][\/et_pb_section][et_pb_section fb_built=&#8221;1&#8243; admin_label=&#8221;Services&#8221; _builder_version=&#8221;4.27.0&#8243; _module_preset=&#8221;default&#8221; background_color=&#8221;gcid-c0d903dc-93ac-4ecc-8236-73ef6305c15d&#8221; locked=&#8221;off&#8221; collapsed=&#8221;on&#8221; global_colors_info=&#8221;{%22gcid-c0d903dc-93ac-4ecc-8236-73ef6305c15d%22:%91%22background_color%22%93}&#8221;][et_pb_row column_structure=&#8221;1_3,2_3&#8243; _builder_version=&#8221;4.23&#8243; _module_preset=&#8221;default&#8221; global_colors_info=&#8221;{}&#8221;][et_pb_column type=&#8221;1_3&#8243; _builder_version=&#8221;4.23&#8243; _module_preset=&#8221;default&#8221; global_colors_info=&#8221;{}&#8221;][et_pb_image src=&#8221;https:\/\/odense-yoga.dk\/wp-content\/uploads\/2024\/01\/hjemmeside-massage-beskaaret-forside-II-scaled.jpg&#8221; title_text=&#8221;hjemmeside massage besk\u00e5ret forside II&#8221; _builder_version=&#8221;4.24.2&#8243; _module_preset=&#8221;default&#8221; global_colors_info=&#8221;{}&#8221;][\/et_pb_image][\/et_pb_column][et_pb_column type=&#8221;2_3&#8243; _builder_version=&#8221;4.23&#8243; _module_preset=&#8221;default&#8221; global_colors_info=&#8221;{}&#8221;][et_pb_text _builder_version=&#8221;4.27.4&#8243; _module_preset=&#8221;5b70fc39-08b0-4851-962f-9452e63051d8&#8243; global_colors_info=&#8221;{}&#8221;]<\/p>\n<h4 style=\"color: #83bfa3;\">Massage<\/h4>\n<table style=\"height: 48px; width: 100%; border-collapse: collapse; border-style: none;\" border=\"0\">\n<tbody>\n<tr style=\"height: 24px;\">\n<td style=\"width: 50%; height: 24px; text-align: left;\"><strong>Behandling<\/strong><\/td>\n<td style=\"width: 50%; height: 24px; text-align: right;\"><strong>Pris DKK<\/strong><\/td>\n<\/tr>\n<tr style=\"height: 24px;\">\n<td style=\"width: 50%; height: 24px; text-align: left;\">Kropsmassage, 60 min.<\/td>\n<td style=\"width: 50%; height: 24px; text-align: right;\">475,-<\/td>\n<\/tr>\n<tr style=\"height: 24px;\">\n<td style=\"width: 50%; height: 24px; text-align: left;\">Kommandopunkt behandling, 60 min.<\/td>\n<td style=\"width: 50%; height: 24px; text-align: right;\">475,-<\/td>\n<\/tr>\n<tr style=\"height: 24px;\">\n<td style=\"width: 50%; height: 24px; text-align: left;\">Fysioterapeutisk behandling, 55 min.<\/td>\n<td style=\"width: 50%; height: 24px; text-align: right;\">475,-<\/td>\n<\/tr>\n<\/tbody>\n<\/table>\n<p>[\/et_pb_text][\/et_pb_column][\/et_pb_row][et_pb_row column_structure=&#8221;1_3,2_3&#8243; _builder_version=&#8221;4.23&#8243; _module_preset=&#8221;default&#8221; global_colors_info=&#8221;{}&#8221;][et_pb_column type=&#8221;1_3&#8243; _builder_version=&#8221;4.23&#8243; _module_preset=&#8221;default&#8221; global_colors_info=&#8221;{}&#8221;][et_pb_image src=&#8221;https:\/\/odense-yoga.dk\/wp-content\/uploads\/2018\/09\/al-yoga.jpg&#8221; title_text=&#8221;al-yoga&#8221; _builder_version=&#8221;4.27.0&#8243; _module_preset=&#8221;default&#8221; global_colors_info=&#8221;{}&#8221;][\/et_pb_image][\/et_pb_column][et_pb_column type=&#8221;2_3&#8243; _builder_version=&#8221;4.23&#8243; _module_preset=&#8221;default&#8221; global_colors_info=&#8221;{}&#8221;][et_pb_text _builder_version=&#8221;4.27.5&#8243; _module_preset=&#8221;5b70fc39-08b0-4851-962f-9452e63051d8&#8243; hover_enabled=&#8221;0&#8243; global_colors_info=&#8221;{}&#8221; sticky_enabled=&#8221;0&#8243;]<\/p>\n<h4 style=\"color: #83bfa3;\">Yoga, Corpus Vitalis<\/h4>\n<table style=\"height: 48px; width: 100%; border-collapse: collapse; border-style: dotted;\" border=\"1\">\n<tbody>\n<tr style=\"height: 24px;\">\n<td style=\"width: 50%; height: 24px; text-align: left;\"><strong>S\u00e6son 2026<\/strong><\/td>\n<td style=\"width: 50%; height: 24px; text-align: right;\"><strong>Pris DKK<\/strong><\/td>\n<\/tr>\n<tr style=\"height: 24px;\">\n<td style=\"width: 50%; height: 24px; text-align: left;\">Uge 2 &#8211; uge 24, 21 gange<\/td>\n<td style=\"width: 50%; height: 24px; text-align: right;\">1785,-<\/td>\n<\/tr>\n<tr style=\"height: 24px;\">\n<td style=\"width: 50%; text-align: left; height: 24px;\">Uge 34 &#8211; uge 50, 16 gange<\/td>\n<td style=\"width: 50%; text-align: right; height: 24px;\">1360,-<\/td>\n<\/tr>\n<\/tbody>\n<\/table>\n<p>[\/et_pb_text][\/et_pb_column][\/et_pb_row][et_pb_row column_structure=&#8221;1_3,2_3&#8243; _builder_version=&#8221;4.23&#8243; _module_preset=&#8221;default&#8221; global_colors_info=&#8221;{}&#8221;][et_pb_column type=&#8221;1_3&#8243; _builder_version=&#8221;4.23&#8243; _module_preset=&#8221;default&#8221; global_colors_info=&#8221;{}&#8221;][et_pb_image src=&#8221;https:\/\/odense-yoga.dk\/wp-content\/uploads\/2023\/11\/20200919-IMG_6099-II.jpg&#8221; title_text=&#8221;20200919-IMG_6099 II&#8221; _builder_version=&#8221;4.24.2&#8243; _module_preset=&#8221;default&#8221; global_colors_info=&#8221;{}&#8221;][\/et_pb_image][\/et_pb_column][et_pb_column type=&#8221;2_3&#8243; _builder_version=&#8221;4.23&#8243; _module_preset=&#8221;default&#8221; global_colors_info=&#8221;{}&#8221;][et_pb_text _builder_version=&#8221;4.27.5&#8243; _module_preset=&#8221;5b70fc39-08b0-4851-962f-9452e63051d8&#8243; width=&#8221;100%&#8221; hover_enabled=&#8221;0&#8243; global_colors_info=&#8221;{}&#8221; sticky_enabled=&#8221;0&#8243;]<\/p>\n<h4 style=\"color: #83bfa3;\">Wellbi Velv\u00e6re Harmoni-\u00f8velser<\/h4>\n<table style=\"height: 48px; width: 100%; border-collapse: collapse; border-style: dotted;\" border=\"1\">\n<tbody>\n<tr style=\"height: 24px;\">\n<td style=\"width: 50%; height: 24px; text-align: left;\"><strong>S\u00e6son 2026<\/strong><\/td>\n<td style=\"width: 50%; height: 24px; text-align: right;\"><strong>Pris DKK<\/strong><\/td>\n<\/tr>\n<tr style=\"height: 24px;\">\n<td style=\"width: 50%; height: 24px; text-align: left;\">Uge 2 &#8211; uge 24, 21 gange<\/td>\n<td style=\"width: 50%; height: 24px; text-align: right;\">1785,-<\/td>\n<\/tr>\n<tr style=\"height: 24px;\">\n<td style=\"width: 50%; text-align: left; height: 24px;\">Uge 34- uge 50, 16 gange<\/td>\n<td style=\"width: 50%; text-align: right; height: 24px;\">1360,-<\/td>\n<\/tr>\n<\/tbody>\n<\/table>\n<p>&nbsp;<\/p>\n<p>[\/et_pb_text][\/et_pb_column][\/et_pb_row][et_pb_row column_structure=&#8221;1_3,2_3&#8243; _builder_version=&#8221;4.23&#8243; _module_preset=&#8221;default&#8221; global_colors_info=&#8221;{}&#8221;][et_pb_column type=&#8221;1_3&#8243; _builder_version=&#8221;4.23&#8243; _module_preset=&#8221;default&#8221; global_colors_info=&#8221;{}&#8221;][et_pb_image src=&#8221;https:\/\/odense-yoga.dk\/wp-content\/uploads\/2024\/12\/20220226-_MG_6745_resized.jpg&#8221; alt=&#8221;H\u00e5nd p\u00e5 kn\u00e6 foran et levende t\u00e6ndt lys&#8221; title_text=&#8221;20220226-_MG_6745_resized&#8221; _builder_version=&#8221;4.27.4&#8243; _module_preset=&#8221;default&#8221; global_colors_info=&#8221;{}&#8221;][\/et_pb_image][\/et_pb_column][et_pb_column type=&#8221;2_3&#8243; _builder_version=&#8221;4.23&#8243; _module_preset=&#8221;default&#8221; global_colors_info=&#8221;{}&#8221;][et_pb_text _builder_version=&#8221;4.27.0&#8243; _module_preset=&#8221;default&#8221; header_6_text_color=&#8221;#333333&#8243; header_6_letter_spacing=&#8221;0.5px&#8221; global_colors_info=&#8221;{}&#8221;]<\/p>\n<h4 style=\"color: #83bfa3;\">Meditations eller livsfactologi forl\u00f8b<\/h4>\n<h6 style=\"color: #333333;\">Tilbydes l\u00f8bende.<\/h6>\n<h6 style=\"color: #333333;\">Ring eller skriv hvis du \u00f8nsker at h\u00f8re mere eller komme med p\u00e5 n\u00e6ste hold.<\/h6>\n<p>[\/et_pb_text][\/et_pb_column][\/et_pb_row][et_pb_row column_structure=&#8221;1_3,2_3&#8243; _builder_version=&#8221;4.23&#8243; _module_preset=&#8221;default&#8221; global_colors_info=&#8221;{}&#8221;][et_pb_column type=&#8221;1_3&#8243; _builder_version=&#8221;4.23&#8243; _module_preset=&#8221;default&#8221; global_colors_info=&#8221;{}&#8221;][et_pb_image src=&#8221;https:\/\/odense-yoga.dk\/wp-content\/uploads\/2024\/09\/sea-5515005_1920-e1733429017341.jpg&#8221; title_text=&#8221;sea-5515005_1920&#8243; _builder_version=&#8221;4.27.4&#8243; _module_preset=&#8221;default&#8221; custom_margin=&#8221;||-6px|||&#8221; custom_padding=&#8221;||0px|||&#8221; global_colors_info=&#8221;{}&#8221;][\/et_pb_image][\/et_pb_column][et_pb_column type=&#8221;2_3&#8243; _builder_version=&#8221;4.27.0&#8243; _module_preset=&#8221;default&#8221; global_colors_info=&#8221;{}&#8221;][et_pb_text _builder_version=&#8221;4.27.5&#8243; _module_preset=&#8221;5b70fc39-08b0-4851-962f-9452e63051d8&#8243; header_6_letter_spacing=&#8221;0.5px&#8221; width=&#8221;100%&#8221; custom_padding=&#8221;|15px||||&#8221; hover_enabled=&#8221;0&#8243; global_colors_info=&#8221;{%22gcid-cc1e7daa-e7a2-44d1-a6d4-86221a549f5c%22:%91%22link_text_color%22%93,%22gcid-primary-color%22:%91%22header_6_text_color%22%93}&#8221; sticky_enabled=&#8221;0&#8243;]<\/p>\n<h4 style=\"color: #83bfa3;\">Ferie<\/h4>\n<h4 style=\"color: #83bfa3;\"><\/h4>\n<h6 style=\"color: #333333;\"><strong>2026 &#8211; holdundervisning\u00a0\u00a0<\/strong><\/h6>\n<table style=\"height: 48px; width: 100%; border-collapse: collapse; border-style: dotted;\" border=\"1\">\n<tbody>\n<tr style=\"height: 24px;\">\n<td style=\"width: 50%; height: 24px; text-align: left;\">Uge 7<\/td>\n<td style=\"width: 50%; height: 24px; text-align: right;\">Vinterferie<\/td>\n<\/tr>\n<tr style=\"height: 24px;\">\n<td style=\"width: 50%; text-align: left; height: 24px;\">Uge 14<\/td>\n<td style=\"width: 50%; text-align: right; height: 24px;\">P\u00e5skeferie<\/td>\n<\/tr>\n<tr style=\"height: 24px;\">\n<td style=\"width: 50%; text-align: left; height: 24px;\">Uge 25-33<\/td>\n<td style=\"width: 50%; text-align: right; height: 24px;\">Sommerferie<\/td>\n<\/tr>\n<tr style=\"height: 24px;\">\n<td style=\"width: 50%; text-align: left; height: 24px;\">Uge 42<\/td>\n<td style=\"width: 50%; text-align: right; height: 24px;\">Efter\u00e5rsferie<\/td>\n<\/tr>\n<tr style=\"height: 24px;\">\n<td style=\"width: 50%; text-align: left; height: 24px;\">Uge 51-53<\/td>\n<td style=\"width: 50%; text-align: right; height: 24px;\">Juleferie<\/td>\n<\/tr>\n<\/tbody>\n<\/table>\n<h6 style=\"color: #333333;\">\u00a0 \u00a0 \u00a0Derudover holder vi lukket p\u00e5 helligdage<\/h6>\n<p>[\/et_pb_text][\/et_pb_column][\/et_pb_row][\/et_pb_section][et_pb_section fb_built=&#8221;1&#8243; admin_label=&#8221;Footer&#8221; _builder_version=&#8221;4.24.2&#8243; _module_preset=&#8221;default&#8221; background_enable_image=&#8221;off&#8221; background_size=&#8221;contain&#8221; background_position=&#8221;top_center&#8221; background_last_edited=&#8221;on|tablet&#8221; background_size_tablet=&#8221;contain&#8221; background_position_tablet=&#8221;top_center&#8221; saved_tabs=&#8221;all&#8221; collapsed=&#8221;on&#8221;][et_pb_row column_structure=&#8221;1_2,1_2&#8243; use_custom_gutter=&#8221;on&#8221; gutter_width=&#8221;2&#8243; _builder_version=&#8221;4.20.0&#8243; _module_preset=&#8221;default&#8221; global_colors_info=&#8221;{}&#8221;][et_pb_column type=&#8221;1_2&#8243; _builder_version=&#8221;4.20.0&#8243; _module_preset=&#8221;default&#8221; custom_padding=&#8221;30px||30px||true|false&#8221; custom_padding_tablet=&#8221;0px||0px||true|false&#8221; custom_padding_phone=&#8221;0px||0px||true|false&#8221; custom_padding_last_edited=&#8221;on|phone&#8221; global_colors_info=&#8221;{}&#8221;][et_pb_text _builder_version=&#8221;4.24.2&#8243; _module_preset=&#8221;01987c63-488a-4e6f-9e7f-c9ff888fb34b&#8221; locked=&#8221;off&#8221; global_colors_info=&#8221;{}&#8221;]<\/p>\n<h5>Find os:<\/h5>\n<p>[\/et_pb_text][et_pb_text _builder_version=&#8221;4.24.2&#8243; _module_preset=&#8221;4066baad-ee25-45ac-9c9e-33ddb003410e&#8221; link_text_color=&#8221;#666666&#8243; custom_margin=&#8221;||5px||false|false&#8221; global_colors_info=&#8221;{}&#8221;]<\/p>\n<p>Odense yoga wellbi &amp; massage<\/p>\n<p>[\/et_pb_text][et_pb_text _builder_version=&#8221;4.24.2&#8243; _module_preset=&#8221;4066baad-ee25-45ac-9c9e-33ddb003410e&#8221; link_text_color=&#8221;#666666&#8243; custom_margin=&#8221;||5px||false|false&#8221; global_colors_info=&#8221;{}&#8221;]<\/p>\n<p>All\u00e9gade 63<\/p>\n<p>[\/et_pb_text][et_pb_text _builder_version=&#8221;4.24.2&#8243; _module_preset=&#8221;4066baad-ee25-45ac-9c9e-33ddb003410e&#8221; link_text_color=&#8221;#666666&#8243; custom_margin=&#8221;||5px||false|false&#8221; global_colors_info=&#8221;{}&#8221;]<\/p>\n<p>5000 Odense C<\/p>\n<p>[\/et_pb_text][et_pb_text _builder_version=&#8221;4.24.2&#8243; _module_preset=&#8221;4066baad-ee25-45ac-9c9e-33ddb003410e&#8221; link_text_color=&#8221;#666666&#8243; custom_margin=&#8221;||5px||false|false&#8221; global_colors_info=&#8221;{}&#8221;]<\/p>\n<p>Mail: odense@wellbi.dk<\/p>\n<p>[\/et_pb_text][et_pb_text _builder_version=&#8221;4.24.2&#8243; _module_preset=&#8221;4066baad-ee25-45ac-9c9e-33ddb003410e&#8221; link_text_color=&#8221;#666666&#8243; custom_margin=&#8221;||5px||false|false&#8221; global_colors_info=&#8221;{}&#8221;]<\/p>\n<p>SMS: +45 42 40 43 32<\/p>\n<p>[\/et_pb_text][\/et_pb_column][et_pb_column type=&#8221;1_2&#8243; _builder_version=&#8221;4.20.0&#8243; _module_preset=&#8221;default&#8221; custom_padding=&#8221;30px||30px||true|false&#8221; custom_padding_tablet=&#8221;0px||0px||true|false&#8221; custom_padding_phone=&#8221;0px||0px||true|false&#8221; custom_padding_last_edited=&#8221;on|phone&#8221; global_colors_info=&#8221;{}&#8221;][et_pb_text _builder_version=&#8221;4.24.2&#8243; _module_preset=&#8221;01987c63-488a-4e6f-9e7f-c9ff888fb34b&#8221; locked=&#8221;off&#8221; global_colors_info=&#8221;{}&#8221;]<\/p>\n<h5>Links<\/h5>\n<p>[\/et_pb_text][et_pb_text _builder_version=&#8221;4.24.2&#8243; _module_preset=&#8221;4066baad-ee25-45ac-9c9e-33ddb003410e&#8221; link_text_color=&#8221;#666666&#8243; custom_margin=&#8221;||5px||false|false&#8221; global_colors_info=&#8221;{}&#8221;]<\/p>\n<p><a href=\"http:\/\/www.alkymea.dk\">www.alkymea.dk<\/a><\/p>\n<p>[\/et_pb_text][et_pb_text _builder_version=&#8221;4.24.2&#8243; _module_preset=&#8221;4066baad-ee25-45ac-9c9e-33ddb003410e&#8221; link_text_color=&#8221;#666666&#8243; custom_margin=&#8221;||5px||false|false&#8221; global_colors_info=&#8221;{}&#8221;]<\/p>\n<p><a href=\"http:\/\/www.wellbi.dk\">www.wellbi.dk<\/a><\/p>\n<p>[\/et_pb_text][et_pb_text _builder_version=&#8221;4.24.2&#8243; _module_preset=&#8221;4066baad-ee25-45ac-9c9e-33ddb003410e&#8221; link_text_color=&#8221;#666666&#8243; custom_margin=&#8221;||5px||false|false&#8221; global_colors_info=&#8221;{}&#8221;]<\/p>\n<p><a href=\"http:\/\/www.corpusvitalisyoga.dk\">www.corpusvitalisyoga.dk<\/a><\/p>\n<p>[\/et_pb_text][\/et_pb_column][\/et_pb_row][et_pb_row column_structure=&#8221;1_5,3_5,1_5&#8243; _builder_version=&#8221;4.20.0&#8243; _module_preset=&#8221;default&#8221; border_color_all=&#8221;rgba(94,94,78,0.2)&#8221; border_width_top=&#8221;1px&#8221; global_colors_info=&#8221;{}&#8221;][et_pb_column type=&#8221;1_5&#8243; _builder_version=&#8221;4.20.0&#8243; _module_preset=&#8221;default&#8221; global_colors_info=&#8221;{}&#8221;][\/et_pb_column][et_pb_column type=&#8221;3_5&#8243; _builder_version=&#8221;4.20.0&#8243; _module_preset=&#8221;default&#8221; custom_padding=&#8221;16px||||false|false&#8221; custom_padding_tablet=&#8221;0px||||false|false&#8221; custom_padding_phone=&#8221;&#8221; custom_padding_last_edited=&#8221;on|tablet&#8221; global_colors_info=&#8221;{}&#8221;][et_pb_menu menu_style=&#8221;centered&#8221; submenu_direction=&#8221;upwards&#8221; active_link_color=&#8221;#9C9B8A&#8221; dropdown_menu_line_color=&#8221;#9C9B8A&#8221; dropdown_menu_active_link_color=&#8221;#9C9B8A&#8221; cart_icon_color=&#8221;#9C9B8A&#8221; search_icon_color=&#8221;#9C9B8A&#8221; menu_icon_color=&#8221;#9C9B8A&#8221; _builder_version=&#8221;4.20.0&#8243; _module_preset=&#8221;default&#8221; global_colors_info=&#8221;{}&#8221;][\/et_pb_menu][\/et_pb_column][et_pb_column type=&#8221;1_5&#8243; _builder_version=&#8221;4.20.0&#8243; _module_preset=&#8221;default&#8221; custom_padding=&#8221;6px||||false|false&#8221; custom_padding_tablet=&#8221;0px||||false|false&#8221; custom_padding_phone=&#8221;&#8221; custom_padding_last_edited=&#8221;on|tablet&#8221; global_colors_info=&#8221;{}&#8221;][et_pb_social_media_follow use_icon_font_size=&#8221;on&#8221; icon_font_size=&#8221;14px&#8221; _builder_version=&#8221;4.27.0&#8243; _module_preset=&#8221;default&#8221; text_orientation=&#8221;right&#8221; text_orientation_tablet=&#8221;center&#8221; text_orientation_phone=&#8221;&#8221; text_orientation_last_edited=&#8221;on|tablet&#8221; border_radii=&#8221;on|100px|100px|100px|100px&#8221; global_colors_info=&#8221;{}&#8221;][et_pb_social_media_follow_network social_network=&#8221;instagram&#8221; url=&#8221;https:\/\/www.instagram.com\/odense_yoga_wellbi_massage\/&#8221; _builder_version=&#8221;4.27.0&#8243; _module_preset=&#8221;default&#8221; background_color=&#8221;gcid-cc1e7daa-e7a2-44d1-a6d4-86221a549f5c&#8221; background_enable_color=&#8221;on&#8221; custom_padding=&#8221;4px|4px|4px|4px|true|true&#8221; global_colors_info=&#8221;{%22gcid-cc1e7daa-e7a2-44d1-a6d4-86221a549f5c%22:%91%22background_color%22,%22background_color%22%93}&#8221; follow_button=&#8221;off&#8221; url_new_window=&#8221;on&#8221;]instagram[\/et_pb_social_media_follow_network][\/et_pb_social_media_follow][\/et_pb_column][\/et_pb_row][\/et_pb_section]<\/p>\n","protected":false},"excerpt":{"rendered":"<p>PriserMassage Behandling Pris DKK Kropsmassage, 60 min. 475,- Kommandopunkt behandling, 60 min. 475,- Fysioterapeutisk behandling, 55 min. 475,- Yoga, Corpus Vitalis S\u00e6son 2026 Pris DKK Uge 2 &#8211; uge 24, 21 gange 1785,- Uge 34 &#8211; uge 50, 16 gange 1360,- Wellbi Velv\u00e6re Harmoni-\u00f8velser S\u00e6son 2026 Pris DKK Uge 2 &#8211; uge 24, 21 gange [&hellip;]<\/p>\n","protected":false},"author":7,"featured_media":0,"parent":0,"menu_order":0,"comment_status":"closed","ping_status":"closed","template":"","meta":{"_et_pb_use_builder":"on","_et_pb_old_content":"","_et_gb_content_width":"","footnotes":""},"class_list":["post-4420","page","type-page","status-publish","hentry"],"_links":{"self":[{"href":"https:\/\/odense-yoga.dk\/index.php\/wp-json\/wp\/v2\/pages\/4420","targetHints":{"allow":["GET"]}}],"collection":[{"href":"https:\/\/odense-yoga.dk\/index.php\/wp-json\/wp\/v2\/pages"}],"about":[{"href":"https:\/\/odense-yoga.dk\/index.php\/wp-json\/wp\/v2\/types\/page"}],"author":[{"embeddable":true,"href":"https:\/\/odense-yoga.dk\/index.php\/wp-json\/wp\/v2\/users\/7"}],"replies":[{"embeddable":true,"href":"https:\/\/odense-yoga.dk\/index.php\/wp-json\/wp\/v2\/comments?post=4420"}],"version-history":[{"count":53,"href":"https:\/\/odense-yoga.dk\/index.php\/wp-json\/wp\/v2\/pages\/4420\/revisions"}],"predecessor-version":[{"id":5427,"href":"https:\/\/odense-yoga.dk\/index.php\/wp-json\/wp\/v2\/pages\/4420\/revisions\/5427"}],"wp:attachment":[{"href":"https:\/\/odense-yoga.dk\/index.php\/wp-json\/wp\/v2\/media?parent=4420"}],"curies":[{"name":"wp","href":"https:\/\/api.w.org\/{rel}","templated":true}]}}