{"id":5344,"date":"2025-02-08T14:01:43","date_gmt":"2025-02-08T13:01:43","guid":{"rendered":"https:\/\/odense-yoga.dk\/?page_id=5344"},"modified":"2025-02-08T14:05:19","modified_gmt":"2025-02-08T13:05:19","slug":"book-5344-2","status":"publish","type":"page","link":"https:\/\/odense-yoga.dk\/index.php\/book-5344-2\/","title":{"rendered":"Book"},"content":{"rendered":"<p>[et_pb_section fb_built=&#8221;1&#8243; _builder_version=&#8221;4.27.4&#8243; _module_preset=&#8221;default&#8221; background_color=&#8221;#83bfa3&#8243; custom_padding=&#8221;||0px|||&#8221;][et_pb_row _builder_version=&#8221;4.27.4&#8243; _module_preset=&#8221;default&#8221; custom_padding=&#8221;0px|||||&#8221; global_colors_info=&#8221;{}&#8221;][et_pb_column type=&#8221;4_4&#8243; _builder_version=&#8221;4.27.0&#8243; _module_preset=&#8221;default&#8221; global_colors_info=&#8221;{}&#8221;][et_pb_text _builder_version=&#8221;4.27.4&#8243; _module_preset=&#8221;c29a371d-deef-4612-af9b-1ed943cef974&#8243; header_font_size=&#8221;42px&#8221; header_font_size_tablet=&#8221;30px&#8221; header_font_size_phone=&#8221;30px&#8221; header_font_size_last_edited=&#8221;on|phone&#8221; global_colors_info=&#8221;{}&#8221;]<\/p>\n<h1><span style=\"color: #ffffff;\">Book (kun test)<br \/><\/span><\/h1>\n<p>[\/et_pb_text][\/et_pb_column][\/et_pb_row][\/et_pb_section][et_pb_section fb_built=&#8221;1&#8243; admin_label=&#8221;Header&#8221; _builder_version=&#8221;4.27.0&#8243; _module_preset=&#8221;default&#8221; background_color=&#8221;RGBA(255,255,255,0)&#8221; custom_margin=&#8221;0px|||||&#8221; custom_padding=&#8221;16px|||||&#8221; collapsed=&#8221;on&#8221;][et_pb_row column_structure=&#8221;1_5,1_5,3_5&#8243; _builder_version=&#8221;4.23&#8243; _module_preset=&#8221;default&#8221; custom_padding=&#8221;29px|||||&#8221; global_colors_info=&#8221;{}&#8221;][et_pb_column type=&#8221;1_5&#8243; _builder_version=&#8221;4.23&#8243; _module_preset=&#8221;default&#8221; global_colors_info=&#8221;{}&#8221;][et_pb_image src=&#8221;https:\/\/odense-yoga.dk\/wp-content\/uploads\/2024\/09\/Annelise_foto_rund_ver1-page001.png&#8221; title_text=&#8221;Annelise_foto_rund_ver1-page001&#8243; _builder_version=&#8221;4.27.0&#8243; _module_preset=&#8221;default&#8221; global_colors_info=&#8221;{}&#8221;][\/et_pb_image][\/et_pb_column][et_pb_column type=&#8221;1_5&#8243; _builder_version=&#8221;4.23&#8243; _module_preset=&#8221;default&#8221; global_colors_info=&#8221;{}&#8221;][et_pb_image src=&#8221;https:\/\/odense-yoga.dk\/wp-content\/uploads\/2024\/09\/Lisbeth_foto_rund_ver1-page001-1-uden-baggrund.png&#8221; title_text=&#8221;Lisbeth_foto_rund_ver1-page001 (1) uden baggrund&#8221; _builder_version=&#8221;4.27.0&#8243; _module_preset=&#8221;default&#8221; global_colors_info=&#8221;{}&#8221;][\/et_pb_image][\/et_pb_column][et_pb_column type=&#8221;3_5&#8243; _builder_version=&#8221;4.23&#8243; _module_preset=&#8221;default&#8221; global_colors_info=&#8221;{}&#8221;][et_pb_text _builder_version=&#8221;4.27.4&#8243; _module_preset=&#8221;default&#8221; header_6_letter_spacing=&#8221;0.5px&#8221; global_colors_info=&#8221;{}&#8221;]<\/p>\n<h4><span style=\"color: #333333;\">Velkommen til<\/span><\/h4>\n<h4><span style=\"color: #83bfa3;\"><strong>Odense Yoga, Wellbi &amp; Massage<\/strong><\/span><\/h4>\n<h6><span style=\"color: #333333;\">Vi anvender og praktiserer Wellbi Velv\u00e6re system med m\u00e5let om at bidrage til fysisk og psykisk sundhed. Wellbi velv\u00e6re system indbefatter forskellige undervisnings- og behandlingsformer. Hos os finder du Corpus Vitalis Yoga, Wellbi Harmoni-\u00f8velser, Kropsmassage, Kommandopunkt behandling og meditation.<\/span><\/h6>\n<h6><span style=\"color: #333333;\">Derudover tilbydes ogs\u00e5 fysioterapeutisk behandling og tr\u00e6ning.<\/span><\/h6>\n<h6><span style=\"color: #333333;\">Vi gl\u00e6der os\u00a0 til at se dig.<\/span><\/h6>\n<h6><span style=\"color: #333333;\">Kontakt os og h\u00f8r mere om, hvad vi kan tilbyde dig.<\/span><\/h6>\n<p>[\/et_pb_text][\/et_pb_column][\/et_pb_row][et_pb_row _builder_version=&#8221;4.20.0&#8243; _module_preset=&#8221;default&#8221; global_colors_info=&#8221;{}&#8221;][et_pb_column type=&#8221;4_4&#8243; _builder_version=&#8221;4.20.0&#8243; _module_preset=&#8221;default&#8221; global_colors_info=&#8221;{}&#8221;][et_pb_code _builder_version=&#8221;4.27.4&#8243; _module_preset=&#8221;default&#8221; global_colors_info=&#8221;{}&#8221;]<iframe src=https:\/\/prod.nemklinik.dk\/OnlineBooking?id=d81b5428_00b3_458b_b535_fdfb7cda1d2e style=\"width:1200px; height:1550px; overflow:auto; border-style:none; border:none;\"> <\/iframe>[\/et_pb_code][\/et_pb_column][\/et_pb_row][et_pb_row _builder_version=&#8221;4.27.4&#8243; _module_preset=&#8221;default&#8221; global_colors_info=&#8221;{}&#8221;][et_pb_column type=&#8221;4_4&#8243; _builder_version=&#8221;4.27.4&#8243; _module_preset=&#8221;default&#8221; global_colors_info=&#8221;{}&#8221;][et_pb_text _builder_version=&#8221;4.27.4&#8243; _module_preset=&#8221;default&#8221; header_6_letter_spacing=&#8221;0.5px&#8221; global_colors_info=&#8221;{}&#8221;]<\/p>\n<h4><span style=\"color: #83bfa3;\">Lidt mere om os<\/span><\/h4>\n<h6><span style=\"color: #333333;\"><strong>Annelise<\/strong><br \/>Jeg er uddannet fysioterapeut, instrukt\u00f8r i Corpus Vitalis Yoga og Wellbi Velv\u00e6re Harmoni-\u00f8velser og har desuden ekstra uddannelse indenfor kropsmassage. Igennem yogaen s\u00e5vel som Harmoni-\u00f8velserne har jeg fundet ro og styrke til en aktiv hverdag.<br \/>Jeg holder meget af at undervise og at se mine elever udvikle sig i deres form\u00e5en. Ligesom jeg ser en stor effekt og v\u00e6rdi i massage som behandlingsredskab.<br \/>Min passion er at bidrage til, at du som deltager i min undervisning eller som min klient opn\u00e5r st\u00f8rre kropsbevidsthed, sundhed og velbefindende i b\u00e5de krop og sind. En passion har jeg udlevet i min lille klinik i hjerte af Odense i mere end 20 \u00e5r nu.<\/span><\/h6>\n<p>&nbsp;<\/p>\n<h6><span style=\"color: #333333;\"><strong>Lisbeth<\/strong><br \/>Jeg er uddannet som Yogal\u00e6rer i 1996 og har undervist siden da. I 2002 blev jeg uddannet som mass\u00f8r samt underviser i Wellbi Harmoni-\u00f8velser og meditation.<br \/>For mig er Yoga og Wellbi Harmoni-\u00f8velser et fantastisk v\u00e6rkt\u00f8j til at skabe en st\u00f8rre smidighed i kroppen og gennem positive tankeindstillinger en st\u00f8rre smidighed i sindet.<br \/>\u00d8velser der bringer harmoni mellem krop og bevidsthed \u2013 der \u00f8ger energistr\u00f8mmen i kroppen, s\u00e5 sundhed og velv\u00e6re opst\u00e5r.<br \/>Det er vigtig for mig, at du som deltager f\u00e5r en rigtig god oplevelse af b\u00e5de fysisk aktivitet og mentalt indre fred og ro. En afsluttende afsp\u00e6nding i dybden, er ren healing for sj\u00e6len.<br \/>Kom og oplev det!<\/span><\/h6>\n<p>[\/et_pb_text][\/et_pb_column][\/et_pb_row][\/et_pb_section][et_pb_section fb_built=&#8221;1&#8243; admin_label=&#8221;Footer&#8221; _builder_version=&#8221;4.24.2&#8243; _module_preset=&#8221;default&#8221; background_enable_image=&#8221;off&#8221; background_size=&#8221;contain&#8221; background_position=&#8221;top_center&#8221; background_last_edited=&#8221;on|tablet&#8221; background_size_tablet=&#8221;contain&#8221; background_position_tablet=&#8221;top_center&#8221; saved_tabs=&#8221;all&#8221; collapsed=&#8221;on&#8221;][et_pb_row _builder_version=&#8221;4.27.2&#8243; _module_preset=&#8221;default&#8221; global_colors_info=&#8221;{}&#8221;][et_pb_column type=&#8221;4_4&#8243; _builder_version=&#8221;4.27.2&#8243; _module_preset=&#8221;default&#8221; global_colors_info=&#8221;{}&#8221;][et_pb_image src=&#8221;https:\/\/odense-yoga.dk\/wp-content\/uploads\/2024\/10\/google_maps_odense.png&#8221; title_text=&#8221;google_maps_odense&#8221; _builder_version=&#8221;4.27.2&#8243; _module_preset=&#8221;default&#8221; global_colors_info=&#8221;{}&#8221;][\/et_pb_image][\/et_pb_column][\/et_pb_row][et_pb_row column_structure=&#8221;1_3,1_3,1_3&#8243; use_custom_gutter=&#8221;on&#8221; gutter_width=&#8221;2&#8243; _builder_version=&#8221;4.20.0&#8243; _module_preset=&#8221;default&#8221; global_colors_info=&#8221;{}&#8221;][et_pb_column type=&#8221;1_3&#8243; _builder_version=&#8221;4.20.0&#8243; _module_preset=&#8221;default&#8221; custom_padding=&#8221;30px||30px||true|false&#8221; custom_padding_tablet=&#8221;0px||0px||true|false&#8221; custom_padding_phone=&#8221;0px||0px||true|false&#8221; custom_padding_last_edited=&#8221;on|phone&#8221; global_colors_info=&#8221;{}&#8221;][et_pb_text _builder_version=&#8221;4.24.2&#8243; _module_preset=&#8221;01987c63-488a-4e6f-9e7f-c9ff888fb34b&#8221; locked=&#8221;off&#8221; global_colors_info=&#8221;{}&#8221;]<\/p>\n<h5>Find os:<\/h5>\n<p>[\/et_pb_text][et_pb_text _builder_version=&#8221;4.24.2&#8243; _module_preset=&#8221;4066baad-ee25-45ac-9c9e-33ddb003410e&#8221; link_text_color=&#8221;#666666&#8243; custom_margin=&#8221;||5px||false|false&#8221; global_colors_info=&#8221;{}&#8221;]<\/p>\n<p>Odense yoga wellbi &amp; massage<\/p>\n<p>[\/et_pb_text][et_pb_text _builder_version=&#8221;4.24.2&#8243; _module_preset=&#8221;4066baad-ee25-45ac-9c9e-33ddb003410e&#8221; link_text_color=&#8221;#666666&#8243; custom_margin=&#8221;||5px||false|false&#8221; global_colors_info=&#8221;{}&#8221;]<\/p>\n<p>All\u00e9gade 63<\/p>\n<p>[\/et_pb_text][et_pb_text _builder_version=&#8221;4.24.2&#8243; _module_preset=&#8221;4066baad-ee25-45ac-9c9e-33ddb003410e&#8221; link_text_color=&#8221;#666666&#8243; custom_margin=&#8221;||5px||false|false&#8221; global_colors_info=&#8221;{}&#8221;]<\/p>\n<p>5000 Odense C<\/p>\n<p>[\/et_pb_text][et_pb_text _builder_version=&#8221;4.24.2&#8243; _module_preset=&#8221;4066baad-ee25-45ac-9c9e-33ddb003410e&#8221; link_text_color=&#8221;#666666&#8243; custom_margin=&#8221;||5px||false|false&#8221; global_colors_info=&#8221;{}&#8221;]<\/p>\n<p>Mail: odense@wellbi.dk<\/p>\n<p>[\/et_pb_text][et_pb_text _builder_version=&#8221;4.24.2&#8243; _module_preset=&#8221;4066baad-ee25-45ac-9c9e-33ddb003410e&#8221; link_text_color=&#8221;#666666&#8243; custom_margin=&#8221;||5px||false|false&#8221; global_colors_info=&#8221;{}&#8221;]<\/p>\n<p>SMS: +45 42 40 43 32<\/p>\n<p>[\/et_pb_text][\/et_pb_column][et_pb_column type=&#8221;1_3&#8243; _builder_version=&#8221;4.27.2&#8243; _module_preset=&#8221;default&#8221; global_colors_info=&#8221;{}&#8221;][\/et_pb_column][et_pb_column type=&#8221;1_3&#8243; _builder_version=&#8221;4.20.0&#8243; _module_preset=&#8221;default&#8221; custom_padding=&#8221;30px||30px||true|false&#8221; custom_padding_tablet=&#8221;0px||0px||true|false&#8221; custom_padding_phone=&#8221;0px||0px||true|false&#8221; custom_padding_last_edited=&#8221;on|phone&#8221; global_colors_info=&#8221;{}&#8221;][et_pb_text _builder_version=&#8221;4.24.2&#8243; _module_preset=&#8221;01987c63-488a-4e6f-9e7f-c9ff888fb34b&#8221; locked=&#8221;off&#8221; global_colors_info=&#8221;{}&#8221;]<\/p>\n<h5>Links<\/h5>\n<p>[\/et_pb_text][et_pb_text _builder_version=&#8221;4.24.2&#8243; _module_preset=&#8221;4066baad-ee25-45ac-9c9e-33ddb003410e&#8221; link_text_color=&#8221;#666666&#8243; custom_margin=&#8221;||5px||false|false&#8221; global_colors_info=&#8221;{}&#8221;]<\/p>\n<p><a href=\"http:\/\/www.alkymea.dk\">www.alkymea.dk<\/a><\/p>\n<p>[\/et_pb_text][et_pb_text _builder_version=&#8221;4.24.2&#8243; _module_preset=&#8221;4066baad-ee25-45ac-9c9e-33ddb003410e&#8221; link_text_color=&#8221;#666666&#8243; custom_margin=&#8221;||5px||false|false&#8221; global_colors_info=&#8221;{}&#8221;]<\/p>\n<p><a href=\"http:\/\/www.wellbi.dk\">www.wellbi.dk<\/a><\/p>\n<p>[\/et_pb_text][et_pb_text _builder_version=&#8221;4.24.2&#8243; _module_preset=&#8221;4066baad-ee25-45ac-9c9e-33ddb003410e&#8221; link_text_color=&#8221;#666666&#8243; custom_margin=&#8221;||5px||false|false&#8221; global_colors_info=&#8221;{}&#8221;]<\/p>\n<p><a href=\"http:\/\/www.corpusvitalisyoga.dk\">www.corpusvitalisyoga.dk<\/a><\/p>\n<p>[\/et_pb_text][\/et_pb_column][\/et_pb_row][et_pb_row column_structure=&#8221;1_5,3_5,1_5&#8243; _builder_version=&#8221;4.20.0&#8243; _module_preset=&#8221;default&#8221; border_color_all=&#8221;rgba(94,94,78,0.2)&#8221; border_width_top=&#8221;1px&#8221; global_colors_info=&#8221;{}&#8221;][et_pb_column type=&#8221;1_5&#8243; _builder_version=&#8221;4.20.0&#8243; _module_preset=&#8221;default&#8221; global_colors_info=&#8221;{}&#8221;][\/et_pb_column][et_pb_column type=&#8221;3_5&#8243; _builder_version=&#8221;4.20.0&#8243; _module_preset=&#8221;default&#8221; custom_padding=&#8221;16px||||false|false&#8221; custom_padding_tablet=&#8221;0px||||false|false&#8221; custom_padding_phone=&#8221;&#8221; custom_padding_last_edited=&#8221;on|tablet&#8221; global_colors_info=&#8221;{}&#8221;][et_pb_menu menu_style=&#8221;centered&#8221; submenu_direction=&#8221;upwards&#8221; active_link_color=&#8221;#9C9B8A&#8221; dropdown_menu_line_color=&#8221;#9C9B8A&#8221; dropdown_menu_active_link_color=&#8221;#9C9B8A&#8221; cart_icon_color=&#8221;#9C9B8A&#8221; search_icon_color=&#8221;#9C9B8A&#8221; menu_icon_color=&#8221;#9C9B8A&#8221; _builder_version=&#8221;4.20.0&#8243; _module_preset=&#8221;default&#8221; global_colors_info=&#8221;{}&#8221;][\/et_pb_menu][\/et_pb_column][et_pb_column type=&#8221;1_5&#8243; _builder_version=&#8221;4.20.0&#8243; _module_preset=&#8221;default&#8221; custom_padding=&#8221;6px||||false|false&#8221; custom_padding_tablet=&#8221;0px||||false|false&#8221; custom_padding_phone=&#8221;&#8221; custom_padding_last_edited=&#8221;on|tablet&#8221; global_colors_info=&#8221;{}&#8221;][et_pb_social_media_follow use_icon_font_size=&#8221;on&#8221; icon_font_size=&#8221;14px&#8221; _builder_version=&#8221;4.27.0&#8243; _module_preset=&#8221;default&#8221; text_orientation=&#8221;right&#8221; text_orientation_tablet=&#8221;center&#8221; text_orientation_phone=&#8221;&#8221; text_orientation_last_edited=&#8221;on|tablet&#8221; border_radii=&#8221;on|100px|100px|100px|100px&#8221; global_colors_info=&#8221;{}&#8221;][et_pb_social_media_follow_network social_network=&#8221;instagram&#8221; url=&#8221;https:\/\/www.instagram.com\/odense_yoga_wellbi_massage\/&#8221; _builder_version=&#8221;4.27.0&#8243; _module_preset=&#8221;default&#8221; background_color=&#8221;gcid-cc1e7daa-e7a2-44d1-a6d4-86221a549f5c&#8221; background_enable_color=&#8221;on&#8221; custom_padding=&#8221;4px|4px|4px|4px|true|true&#8221; global_colors_info=&#8221;{%22gcid-cc1e7daa-e7a2-44d1-a6d4-86221a549f5c%22:%91%22background_color%22,%22background_color%22%93}&#8221; follow_button=&#8221;off&#8221; url_new_window=&#8221;on&#8221;]instagram[\/et_pb_social_media_follow_network][\/et_pb_social_media_follow][\/et_pb_column][\/et_pb_row][\/et_pb_section]<\/p>\n","protected":false},"excerpt":{"rendered":"<p>Book (kun test)Velkommen til Odense Yoga, Wellbi &amp; Massage Vi anvender og praktiserer Wellbi Velv\u00e6re system med m\u00e5let om at bidrage til fysisk og psykisk sundhed. Wellbi velv\u00e6re system indbefatter forskellige undervisnings- og behandlingsformer. Hos os finder du Corpus Vitalis Yoga, Wellbi Harmoni-\u00f8velser, Kropsmassage, Kommandopunkt behandling og meditation. Derudover tilbydes ogs\u00e5 fysioterapeutisk behandling og tr\u00e6ning. [&hellip;]<\/p>\n","protected":false},"author":3,"featured_media":0,"parent":0,"menu_order":0,"comment_status":"closed","ping_status":"closed","template":"","meta":{"_et_pb_use_builder":"on","_et_pb_old_content":"","_et_gb_content_width":"","footnotes":""},"class_list":["post-5344","page","type-page","status-publish","hentry"],"_links":{"self":[{"href":"https:\/\/odense-yoga.dk\/index.php\/wp-json\/wp\/v2\/pages\/5344","targetHints":{"allow":["GET"]}}],"collection":[{"href":"https:\/\/odense-yoga.dk\/index.php\/wp-json\/wp\/v2\/pages"}],"about":[{"href":"https:\/\/odense-yoga.dk\/index.php\/wp-json\/wp\/v2\/types\/page"}],"author":[{"embeddable":true,"href":"https:\/\/odense-yoga.dk\/index.php\/wp-json\/wp\/v2\/users\/3"}],"replies":[{"embeddable":true,"href":"https:\/\/odense-yoga.dk\/index.php\/wp-json\/wp\/v2\/comments?post=5344"}],"version-history":[{"count":5,"href":"https:\/\/odense-yoga.dk\/index.php\/wp-json\/wp\/v2\/pages\/5344\/revisions"}],"predecessor-version":[{"id":5350,"href":"https:\/\/odense-yoga.dk\/index.php\/wp-json\/wp\/v2\/pages\/5344\/revisions\/5350"}],"wp:attachment":[{"href":"https:\/\/odense-yoga.dk\/index.php\/wp-json\/wp\/v2\/media?parent=5344"}],"curies":[{"name":"wp","href":"https:\/\/api.w.org\/{rel}","templated":true}]}}